{"id":14412,"date":"2026-04-18T05:57:15","date_gmt":"2026-04-18T05:57:15","guid":{"rendered":"https:\/\/tradeplaces.shop\/?post_type=product&#038;p=14412"},"modified":"2026-04-18T06:06:27","modified_gmt":"2026-04-18T06:06:27","slug":"doeyvose-car-interior-cleaning-cream-2-counts-set-car-seat-cleaning-polishing-cream-with-sponge-professional-car-interior-care-product-top-picks","status":"publish","type":"product","link":"https:\/\/tradeplaces.shop\/de\/produkt\/doeyvose-car-interior-cleaning-cream-2-counts-set-car-seat-cleaning-polishing-cream-with-sponge-professional-car-interior-care-product-top-picks\/","title":{"rendered":"DOEYVOSE Auto-Innenreinigungscreme. 2 St\u00fcck\/Set Autositz-Reinigungspoliercreme mit Schwamm. Professionelles Auto-Innenraumpflegeprodukt #TOP PICKS"},"content":{"rendered":"<p><img loading=\"lazy\" decoding=\"async\" class=\"size-full wp-image-16880 aligncenter\" src=\"https:\/\/teal-lobster-750471.hostingersite.com\/wp-content\/uploads\/2026\/01\/8b2cb889f3544af5a386d1a643ea65ae_tplv-t5fjg24jzw-resize-jpeg_800_800.jpg\" alt=\"\" width=\"800\" height=\"800\" \/><\/p>\n<p><img loading=\"lazy\" decoding=\"async\" class=\"size-full wp-image-16881 aligncenter\" src=\"https:\/\/teal-lobster-750471.hostingersite.com\/wp-content\/uploads\/2026\/01\/11ce34ff110841f4af46da9a61e1fe65_tplv-t5fjg24jzw-resize-jpeg_800_800.jpg\" alt=\"\" width=\"800\" height=\"800\" \/><\/p>\n<p><img loading=\"lazy\" decoding=\"async\" class=\"size-full wp-image-16882 aligncenter\" src=\"https:\/\/teal-lobster-750471.hostingersite.com\/wp-content\/uploads\/2026\/01\/12a31d8b314e45eab17cba80f8509b27_tplv-t5fjg24jzw-resize-jpeg_800_800.jpg\" alt=\"\" width=\"800\" height=\"800\" \/><\/p>\n<p><img loading=\"lazy\" decoding=\"async\" class=\"size-full wp-image-16883 aligncenter\" src=\"https:\/\/teal-lobster-750471.hostingersite.com\/wp-content\/uploads\/2026\/01\/2f8d567534a94f2794dee29a264d1c52_tplv-t5fjg24jzw-resize-jpeg_800_800.jpg\" alt=\"\" width=\"800\" height=\"800\" \/><\/p>\n<p><img loading=\"lazy\" decoding=\"async\" class=\"size-full wp-image-16884 aligncenter\" src=\"https:\/\/teal-lobster-750471.hostingersite.com\/wp-content\/uploads\/2026\/01\/3b990779df3d442aa8d3210c02cda99c_tplv-t5fjg24jzw-resize-jpeg_800_800.jpg\" alt=\"\" width=\"800\" height=\"800\" \/><\/p>\n<p><img loading=\"lazy\" decoding=\"async\" class=\"size-full wp-image-16885 aligncenter\" src=\"https:\/\/teal-lobster-750471.hostingersite.com\/wp-content\/uploads\/2026\/01\/92136c477812400393554f75bf91ccfa_tplv-t5fjg24jzw-resize-jpeg_800_800.jpg\" alt=\"\" width=\"800\" height=\"800\" \/><\/p>\n<div class=\"elementor-widget-container\">\nProduktinformationen<\/p>\n<div class=\"product-table\">\n<div class=\"product-row\">\n<div class=\"product-label\">Besondere Merkmale<\/div>\n<div class=\"product-value\">Professionelle Auto-Innenraum-Reinigung, Reinigende &amp; polierende Creme, 2 St\u00fcck pro Set, inklusive Schwamm, mildes Rezept, geeignet f\u00fcr alle Innenraumoberfl\u00e4chen, #TOP PICKS<\/div>\n<\/div>\n<div class=\"product-row\">\n<div class=\"product-label\"><strong>Farbe<\/strong><\/div>\n<div class=\"product-value\"><strong>Wei\u00df (Creme), Gelb\/Schwarz (Schwamm)<\/strong><\/div>\n<\/div>\n<div class=\"product-row\">\n<div class=\"product-label\"><strong>Marke<\/strong><\/div>\n<div class=\"product-value\"><strong>DOEYVOSE<\/strong><\/div>\n<\/div>\n<div class=\"product-row\">\n<div class=\"product-label\"><strong>Produktma\u00dfe<\/strong><\/div>\n<div class=\"product-value\"><strong>Kompakte Verpackung, handliche Gr\u00f6\u00dfe f\u00fcr Auto &amp; Heim, platzsparend<\/strong><\/div>\n<\/div>\n<div class=\"product-row\">\n<div class=\"product-label\"><strong>Artikelgewicht<\/strong><\/div>\n<div class=\"product-value\"><strong>Leicht, transportabel, ideal f\u00fcr den Autoeinsatz<\/strong><\/div>\n<\/div>\n<div class=\"product-row\">\n<div class=\"product-label\"><strong>Enthaltene Komponenten<\/strong><\/div>\n<div class=\"product-value\"><strong>2 x DOEYVOSE Auto-Innenraum-Reinigungscreme, 1 Reinigungsschwamm, Anwendungsanleitung<\/strong><\/div>\n<\/div>\n<div class=\"product-row\">\n<div class=\"product-label\"><strong>Hersteller<\/strong><\/div>\n<div class=\"product-value\"><strong>DOEYVOSE<\/strong><\/div>\n<\/div>\n<div class=\"product-row\">\n<div class=\"product-label\"><strong>ASIN<\/strong><\/div>\n<div class=\"product-value\"><strong>B0F9YJ32LP<\/strong><\/div>\n<\/div>\n<div class=\"product-row\">\n<div class=\"product-label\"><strong>Produktmodellnummer<\/strong><\/div>\n<div class=\"product-value\"><strong>DVS-IC2026<\/strong><\/div>\n<\/div>\n<div class=\"product-row\">\n<div class=\"product-label\"><strong>Durchschnittliche Kundenbewertung<\/strong><\/div>\n<div class=\"product-value\"><strong>4,7 \u2605\u2605\u2605\u2605\u2606 (896) 4,7 von 5 Sternen<\/strong><\/div>\n<\/div>\n<div class=\"product-row\">\n<div class=\"product-label\"><strong>Platzierung in den Amazon Bestsellern<\/strong><\/div>\n<div class=\"product-value\"><strong>Nr.3.156 in Auto &amp; Motorrad (Top 100 anzeigen) Nr.2 in Auto-Innenraum-Reinigungsprodukte<\/strong><\/div>\n<\/div>\n<div class=\"product-row\">\n<div class=\"product-label\"><strong>Produkt seit auf amazon.com<\/strong><\/div>\n<div class=\"product-value\"><strong>18. M\u00e4rz 2026<\/strong><\/div>\n<\/div>\n<\/div>\n<style>\n.product-table {\nwidth: 100%;\nborder-top: 1px solid #000;\nfont-family: Arial, sans-serif;\n}\n.product-row {\ndisplay: flex;\nborder-bottom: 1px solid #000;\npadding: 12px 0;\n}\n.product-label {\nflex: 1;\nfont-weight: bold;\nmin-width: 200px;\npadding-right: 20px;\n}\n.product-value {\nflex: 1;\nmin-width: 200px;\n}\n<\/style>","protected":false},"excerpt":{"rendered":"<p>Produktinformationen Besondere Merkmale Professionelle Auto-Innenraum-Reinigung, Reinigende &#038; polierende Creme, 2 St\u00fcck pro Set, inklusive Schwamm, mildes Rezept, geeignet f\u00fcr alle&#8230;<\/p>","protected":false},"featured_media":14413,"comment_status":"open","ping_status":"closed","template":"","meta":{"_acf_changed":false},"etheme_brands":[],"product_brand":[],"product_cat":[118],"product_tag":[],"class_list":{"0":"post-14412","1":"product","2":"type-product","3":"status-publish","4":"has-post-thumbnail","6":"product_cat-sale-shop","8":"first","9":"instock","10":"sale","11":"shipping-taxable","12":"purchasable","13":"product-type-simple"},"acf":[],"_links":{"self":[{"href":"https:\/\/tradeplaces.shop\/de\/wp-json\/wp\/v2\/product\/14412","targetHints":{"allow":["GET"]}}],"collection":[{"href":"https:\/\/tradeplaces.shop\/de\/wp-json\/wp\/v2\/product"}],"about":[{"href":"https:\/\/tradeplaces.shop\/de\/wp-json\/wp\/v2\/types\/product"}],"replies":[{"embeddable":true,"href":"https:\/\/tradeplaces.shop\/de\/wp-json\/wp\/v2\/comments?post=14412"}],"version-history":[{"count":1,"href":"https:\/\/tradeplaces.shop\/de\/wp-json\/wp\/v2\/product\/14412\/revisions"}],"predecessor-version":[{"id":14414,"href":"https:\/\/tradeplaces.shop\/de\/wp-json\/wp\/v2\/product\/14412\/revisions\/14414"}],"wp:featuredmedia":[{"embeddable":true,"href":"https:\/\/tradeplaces.shop\/de\/wp-json\/wp\/v2\/media\/14413"}],"wp:attachment":[{"href":"https:\/\/tradeplaces.shop\/de\/wp-json\/wp\/v2\/media?parent=14412"}],"wp:term":[{"taxonomy":"brand","embeddable":true,"href":"https:\/\/tradeplaces.shop\/de\/wp-json\/wp\/v2\/etheme_brands?post=14412"},{"taxonomy":"product_brand","embeddable":true,"href":"https:\/\/tradeplaces.shop\/de\/wp-json\/wp\/v2\/product_brand?post=14412"},{"taxonomy":"product_cat","embeddable":true,"href":"https:\/\/tradeplaces.shop\/de\/wp-json\/wp\/v2\/product_cat?post=14412"},{"taxonomy":"product_tag","embeddable":true,"href":"https:\/\/tradeplaces.shop\/de\/wp-json\/wp\/v2\/product_tag?post=14412"}],"curies":[{"name":"wp","href":"https:\/\/api.w.org\/{rel}","templated":true}]}}